{"id":109,"date":"2019-10-03T08:54:20","date_gmt":"2019-10-03T08:54:20","guid":{"rendered":"http:\/\/wpdemo.archiwp.com\/onum\/?page_id=109"},"modified":"2024-10-28T16:37:45","modified_gmt":"2024-10-28T16:37:45","slug":"contact-us","status":"publish","type":"page","link":"https:\/\/okdesign.ca\/fr\/contact-us\/","title":{"rendered":"Contactez-nous"},"content":{"rendered":"<div data-elementor-type=\"wp-page\" data-elementor-id=\"109\" class=\"elementor elementor-109\" data-elementor-settings=\"{&quot;ha_cmc_init_switcher&quot;:&quot;no&quot;}\" data-elementor-post-type=\"page\">\n\t\t\t\t\t\t<section class=\"elementor-section elementor-top-section elementor-element elementor-element-5816b60 elementor-section-content-middle elementor-section-boxed elementor-section-height-default elementor-section-height-default\" data-id=\"5816b60\" data-element_type=\"section\" data-settings=\"{&quot;_ha_eqh_enable&quot;:false}\">\n\t\t\t\t\t\t<div class=\"elementor-container elementor-column-gap-extended\">\n\t\t\t\t\t<div class=\"elementor-column elementor-col-50 elementor-top-column elementor-element elementor-element-322fec3 ot-flex-column-vertical\" data-id=\"322fec3\" data-element_type=\"column\">\n\t\t\t<div class=\"elementor-widget-wrap elementor-element-populated\">\n\t\t\t\t\t\t<section class=\"elementor-section elementor-inner-section elementor-element elementor-element-1e9a80d elementor-section-full_width elementor-section-height-default elementor-section-height-default\" data-id=\"1e9a80d\" data-element_type=\"section\" data-settings=\"{&quot;background_background&quot;:&quot;gradient&quot;,&quot;_ha_eqh_enable&quot;:false}\">\n\t\t\t\t\t\t<div class=\"elementor-container elementor-column-gap-no\">\n\t\t\t\t\t<div class=\"elementor-column elementor-col-100 elementor-inner-column elementor-element elementor-element-c73e8ee ot-flex-column-vertical\" data-id=\"c73e8ee\" data-element_type=\"column\">\n\t\t\t<div class=\"elementor-widget-wrap elementor-element-populated\">\n\t\t\t\t\t\t<div class=\"elementor-element elementor-element-658a175 elementor-widget elementor-widget-iheading\" data-id=\"658a175\" data-element_type=\"widget\" data-widget_type=\"iheading.default\">\n\t\t\t\t<div class=\"elementor-widget-container\">\n\t\t\t\t\t\t\t<div class=\"ot-heading -align text-light\">\r\n\t\t\t\r\n\t\t\t\t\r\n\r\n\t        \t            <h6 class=\"sub-heading\"><span>d\u00e9tails du contact<\/span><\/h6>\r\n\t         \r\n\r\n\t        \t        \t<h2 class=\"main-heading\">Nos contacts\n<\/h2>\r\n\t        \t    <\/div>\r\n\t    \t\t\t\t<\/div>\n\t\t\t\t<\/div>\n\t\t\t\t<div class=\"elementor-element elementor-element-dba913e elementor-widget elementor-widget-text-editor\" data-id=\"dba913e\" data-element_type=\"widget\" data-widget_type=\"text-editor.default\">\n\t\t\t\t<div class=\"elementor-widget-container\">\n\t\t\t\t\t\t\t\t\t<p>Appelez-nous ou passez nous voir \u00e0 tout moment, nous nous effor\u00e7ons de r\u00e9pondre \u00e0 toutes les demandes dans les 24 heures les jours ouvrables. Nous serons heureux de r\u00e9pondre \u00e0 vos questions.<\/p>\t\t\t\t\t\t\t\t<\/div>\n\t\t\t\t<\/div>\n\t\t\t\t<div class=\"elementor-element elementor-element-4407c6c elementor-widget elementor-widget-icontact_info\" data-id=\"4407c6c\" data-element_type=\"widget\" data-widget_type=\"icontact_info.default\">\n\t\t\t\t<div class=\"elementor-widget-container\">\n\t\t\t\t\t\t\t\t\t\t    \t<div class=\"contact-info text-light\">\r\n\t\t    \t\t\r\n\t\t\t\t    \t\t\t        <i class=\"flaticon-world\"><\/i>\t\t\t        <div class=\"info-text\">\r\n\t\t\t        \t<h6>Notre adresse:<\/h6>\r\n\t\t\t        \t<p>4420 Rue Louis-B.-Mayer, Laval, QC H7P 0G1<\/p>\r\n\t\t\t        <\/div>\r\n\t\t\t    <\/div>\r\n\t\t    \t    \t\t\t\t<\/div>\n\t\t\t\t<\/div>\n\t\t\t\t<div class=\"elementor-element elementor-element-05f299e elementor-widget elementor-widget-icontact_info\" data-id=\"05f299e\" data-element_type=\"widget\" data-widget_type=\"icontact_info.default\">\n\t\t\t\t<div class=\"elementor-widget-container\">\n\t\t\t\t\t\t\t\t\t\t    \t<div class=\"contact-info text-light\">\r\n\t\t    \t\t\r\n\t\t\t\t    \t\t\t        <i class=\"flaticon-note\"><\/i>\t\t\t        <div class=\"info-text\">\r\n\t\t\t        \t<h6>Notre bo\u00eete aux lettres :<\/h6>\r\n\t\t\t        \t<p><a href=\"mailto:info@okdesign.ca\">info@okdesign.ca<\/a><\/p>\r\n\t\t\t        <\/div>\r\n\t\t\t    <\/div>\r\n\t\t    \t    \t\t\t\t<\/div>\n\t\t\t\t<\/div>\n\t\t\t\t<div class=\"elementor-element elementor-element-22856f4 elementor-widget elementor-widget-icontact_info\" data-id=\"22856f4\" data-element_type=\"widget\" data-widget_type=\"icontact_info.default\">\n\t\t\t\t<div class=\"elementor-widget-container\">\n\t\t\t\t\t\t\t\t\t\t    \t<div class=\"contact-info text-light\">\r\n\t\t    \t\t\r\n\t\t\t\t    \t\t\t        <i class=\"flaticon-viber\"><\/i>\t\t\t        <div class=\"info-text\">\r\n\t\t\t        \t<h6>Notre t\u00e9l\u00e9phone :<\/h6>\r\n\t\t\t        \t<p><a href=\"tel:+14384582226\">+1 438 458 2226<\/a><\/p>\r\n\t\t\t        <\/div>\r\n\t\t\t    <\/div>\r\n\t\t    \t    \t\t\t\t<\/div>\n\t\t\t\t<\/div>\n\t\t\t\t\t<\/div>\n\t\t<\/div>\n\t\t\t\t\t<\/div>\n\t\t<\/section>\n\t\t\t\t\t<\/div>\n\t\t<\/div>\n\t\t\t\t<div class=\"elementor-column elementor-col-50 elementor-top-column elementor-element elementor-element-2a7f668 ot-flex-column-vertical\" data-id=\"2a7f668\" data-element_type=\"column\">\n\t\t\t<div class=\"elementor-widget-wrap elementor-element-populated\">\n\t\t\t\t\t\t<div class=\"elementor-element elementor-element-a558ced elementor-widget elementor-widget-iheading\" data-id=\"a558ced\" data-element_type=\"widget\" data-widget_type=\"iheading.default\">\n\t\t\t\t<div class=\"elementor-widget-container\">\n\t\t\t\t\t\t\t<div class=\"ot-heading -align\">\r\n\t\t\t\r\n\t\t\t\t\r\n\r\n\t        \t            <h6 class=\"sub-heading\"><span>ENTRER EN CONTACT<\/span><\/h6>\r\n\t         \r\n\r\n\t        \t        \t<h2 class=\"main-heading\">Pr\u00eat \u00e0 commencer?<\/h2>\r\n\t        \t    <\/div>\r\n\t    \t\t\t\t<\/div>\n\t\t\t\t<\/div>\n\t\t\t\t<div class=\"elementor-element elementor-element-ce8ae36 elementor-widget elementor-widget-onum-contact-form-7\" data-id=\"ce8ae36\" data-element_type=\"widget\" data-widget_type=\"onum-contact-form-7.default\">\n\t\t\t\t<div class=\"elementor-widget-container\">\n\t\t\t\t\t<div class=\"elementor-shortcode onum-cf7-0\">\n<div class=\"wpcf7 no-js\" id=\"wpcf7-f111-o1\" lang=\"en-US\" dir=\"ltr\" data-wpcf7-id=\"111\">\n<div class=\"screen-reader-response\"><p role=\"status\" aria-live=\"polite\" aria-atomic=\"true\"><\/p> <ul><\/ul><\/div>\n<form action=\"\/fr\/wp-json\/wp\/v2\/pages\/109#wpcf7-f111-o1\" method=\"post\" class=\"wpcf7-form init\" aria-label=\"Contact form\" novalidate=\"novalidate\" data-status=\"init\" data-trp-original-action=\"\/fr\/wp-json\/wp\/v2\/pages\/109#wpcf7-f111-o1\">\n<fieldset class=\"hidden-fields-container\"><input type=\"hidden\" name=\"_wpcf7\" value=\"111\" \/><input type=\"hidden\" name=\"_wpcf7_version\" value=\"6.1.3\" \/><input type=\"hidden\" name=\"_wpcf7_locale\" value=\"en_US\" \/><input type=\"hidden\" name=\"_wpcf7_unit_tag\" value=\"wpcf7-f111-o1\" \/><input type=\"hidden\" name=\"_wpcf7_container_post\" value=\"0\" \/><input type=\"hidden\" name=\"_wpcf7_posted_data_hash\" value=\"\" \/>\n<\/fieldset>\n<p><span class=\"wpcf7-form-control-wrap\" data-name=\"your-name\"><input size=\"40\" maxlength=\"400\" class=\"wpcf7-form-control wpcf7-text wpcf7-validates-as-required\" aria-required=\"true\" aria-invalid=\"false\" placeholder=\"Votre nom *\" value=\"\" type=\"text\" name=\"your-name\" \/><\/span>\n<\/p>\n<p><span class=\"wpcf7-form-control-wrap\" data-name=\"your-email\"><input size=\"40\" maxlength=\"400\" class=\"wpcf7-form-control wpcf7-email wpcf7-validates-as-required wpcf7-text wpcf7-validates-as-email\" aria-required=\"true\" aria-invalid=\"false\" placeholder=\"Votre email *\" value=\"\" type=\"email\" name=\"your-email\" \/><\/span>\n<\/p>\n<p><span class=\"wpcf7-form-control-wrap\" data-name=\"your-message\"><textarea cols=\"40\" rows=\"10\" maxlength=\"2000\" class=\"wpcf7-form-control wpcf7-textarea\" aria-invalid=\"false\" placeholder=\"Message...\" name=\"your-message\"><\/textarea><\/span>\n<\/p>\n<p>[cf7sr-recaptcha]<br \/>\n<button type=\"submit\" class=\"wpcf7-submit octf-btn octf-btn-primary octf-btn-icon\">Envoyer le message <i class=\"flaticon-right-arrow-1\"><\/i><\/button>\n<\/p><p style=\"display: none !important;\" class=\"akismet-fields-container\" data-prefix=\"_wpcf7_ak_\"><label>&#916;<textarea name=\"_wpcf7_ak_hp_textarea\" cols=\"45\" rows=\"8\" maxlength=\"100\"><\/textarea><\/label><input type=\"hidden\" id=\"ak_js_1\" name=\"_wpcf7_ak_js\" value=\"37\"\/><script>document.getElementById( \"ak_js_1\" ).setAttribute( \"value\", ( new Date() ).getTime() );<\/script><\/p><div class=\"wpcf7-response-output\" aria-hidden=\"true\"><\/div>\n<input type=\"hidden\" name=\"trp-form-language\" value=\"fr\"\/><\/form>\n<\/div>\n<\/div>\t\t\t\t<\/div>\n\t\t\t\t<\/div>\n\t\t\t\t\t<\/div>\n\t\t<\/div>\n\t\t\t\t\t<\/div>\n\t\t<\/section>\n\t\t\t\t<section class=\"elementor-section elementor-top-section elementor-element elementor-element-6432f78 elementor-section-full_width elementor-section-height-default elementor-section-height-default\" data-id=\"6432f78\" data-element_type=\"section\" data-settings=\"{&quot;_ha_eqh_enable&quot;:false}\">\n\t\t\t\t\t\t<div class=\"elementor-container elementor-column-gap-no\">\n\t\t\t\t\t<div class=\"elementor-column elementor-col-100 elementor-top-column elementor-element elementor-element-10b4dec ot-flex-column-vertical\" data-id=\"10b4dec\" data-element_type=\"column\">\n\t\t\t<div class=\"elementor-widget-wrap elementor-element-populated\">\n\t\t\t\t\t\t<div class=\"elementor-element elementor-element-d40b278 elementor-widget elementor-widget-google_maps\" data-id=\"d40b278\" data-element_type=\"widget\" data-widget_type=\"google_maps.default\">\n\t\t\t\t<div class=\"elementor-widget-container\">\n\t\t\t\t\t\t\t<div class=\"elementor-custom-embed\">\n\t\t\t<iframe loading=\"lazy\"\n\t\t\t\t\tsrc=\"https:\/\/maps.google.com\/maps?q=4420%20Rue%20Louis-B.-Mayer%2C%20Laval%2C%20QC%20H7P%200G1&#038;t=m&#038;z=11&#038;output=embed&#038;iwloc=near\"\n\t\t\t\t\ttitle=\"4420 Rue Louis-B.-Mayer, Laval, QC H7P 0G1\"\n\t\t\t\t\taria-label=\"4420 Rue Louis-B.-Mayer, Laval, QC H7P 0G1\"\n\t\t\t><\/iframe>\n\t\t<\/div>\n\t\t\t\t\t\t<\/div>\n\t\t\t\t<\/div>\n\t\t\t\t\t<\/div>\n\t\t<\/div>\n\t\t\t\t\t<\/div>\n\t\t<\/section>\n\t\t\t\t<\/div>","protected":false},"excerpt":{"rendered":"<p>contact details Our Contacts Give us a call or drop by anytime, we Endeavour to answer all enquiries within 24 hours on business days. We will be happy to answer your questions. Our Address: 4420 Rue Louis-B.-Mayer, Laval, QC H7P 0G1 Our mailbox: info@okdesign.ca Our phones: +1 438 458 2226 GET IN TOUCH Ready to [&hellip;]<\/p>","protected":false},"author":3,"featured_media":0,"parent":0,"menu_order":0,"comment_status":"closed","ping_status":"closed","template":"","meta":{"nf_dc_page":"","_monsterinsights_skip_tracking":false,"_monsterinsights_sitenote_active":false,"_monsterinsights_sitenote_note":"","_monsterinsights_sitenote_category":0,"footnotes":""},"class_list":["post-109","page","type-page","status-publish","hentry"],"yoast_head":"<!-- This site is optimized with the Yoast SEO Premium plugin v23.8 (Yoast SEO v27.2) - https:\/\/yoast.com\/product\/yoast-seo-premium-wordpress\/ -->\n<title>Connect with a Professional Web Designer Today<\/title>\n<meta name=\"description\" content=\"Get in touch with a web designer in Laval. 4420 Rue Louis-B.-Mayer, Laval, QC H7P 0G1\" \/>\n<meta name=\"robots\" content=\"index, follow, max-snippet:-1, max-image-preview:large, max-video-preview:-1\" \/>\n<link rel=\"canonical\" href=\"https:\/\/okdesign.ca\/fr\/contact-us\/\" \/>\n<meta property=\"og:locale\" content=\"fr_CA\" \/>\n<meta property=\"og:type\" content=\"article\" \/>\n<meta property=\"og:title\" content=\"Contact Us\" \/>\n<meta property=\"og:description\" content=\"Get in touch with a web designer in Laval. 4420 Rue Louis-B.-Mayer, Laval, QC H7P 0G1\" \/>\n<meta property=\"og:url\" content=\"https:\/\/okdesign.ca\/fr\/contact-us\/\" \/>\n<meta property=\"og:site_name\" content=\"OK Design\" \/>\n<meta property=\"article:publisher\" content=\"https:\/\/www.facebook.com\/okdesign.ca\" \/>\n<meta property=\"article:modified_time\" content=\"2024-10-28T16:37:45+00:00\" \/>\n<meta name=\"twitter:card\" content=\"summary_large_image\" \/>\n<meta name=\"twitter:label1\" content=\"Estimation du temps de lecture\" \/>\n\t<meta name=\"twitter:data1\" content=\"1 minute\" \/>\n<script type=\"application\/ld+json\" class=\"yoast-schema-graph\">{\"@context\":\"https:\/\/schema.org\",\"@graph\":[{\"@type\":\"WebPage\",\"@id\":\"https:\/\/okdesign.ca\/en\/contact-us\/\",\"url\":\"https:\/\/okdesign.ca\/en\/contact-us\/\",\"name\":\"Connect with a Professional Web Designer Today\",\"isPartOf\":{\"@id\":\"https:\/\/okdesign.ca\/en\/#website\"},\"datePublished\":\"2019-10-03T08:54:20+00:00\",\"dateModified\":\"2024-10-28T16:37:45+00:00\",\"description\":\"Get in touch with a web designer in Laval. 4420 Rue Louis-B.-Mayer, Laval, QC H7P 0G1\",\"breadcrumb\":{\"@id\":\"https:\/\/okdesign.ca\/en\/contact-us\/#breadcrumb\"},\"inLanguage\":\"fr-CA\",\"potentialAction\":[{\"@type\":\"ReadAction\",\"target\":[\"https:\/\/okdesign.ca\/en\/contact-us\/\"]}]},{\"@type\":\"BreadcrumbList\",\"@id\":\"https:\/\/okdesign.ca\/en\/contact-us\/#breadcrumb\",\"itemListElement\":[{\"@type\":\"ListItem\",\"position\":1,\"name\":\"Home\",\"item\":\"https:\/\/okdesign.ca\/\"},{\"@type\":\"ListItem\",\"position\":2,\"name\":\"Contact Us\"}]},{\"@type\":\"WebSite\",\"@id\":\"https:\/\/okdesign.ca\/en\/#website\",\"url\":\"https:\/\/okdesign.ca\/en\/\",\"name\":\"OK Design - Conception Graphiques et Sites Web\",\"description\":\"Conception graphique et sites Web\",\"publisher\":{\"@id\":\"https:\/\/okdesign.ca\/en\/#organization\"},\"potentialAction\":[{\"@type\":\"SearchAction\",\"target\":{\"@type\":\"EntryPoint\",\"urlTemplate\":\"https:\/\/okdesign.ca\/en\/?s={search_term_string}\"},\"query-input\":{\"@type\":\"PropertyValueSpecification\",\"valueRequired\":true,\"valueName\":\"search_term_string\"}}],\"inLanguage\":\"fr-CA\"},{\"@type\":\"Organization\",\"@id\":\"https:\/\/okdesign.ca\/en\/#organization\",\"name\":\"OK Web Design\",\"url\":\"https:\/\/okdesign.ca\/en\/\",\"logo\":{\"@type\":\"ImageObject\",\"inLanguage\":\"fr-CA\",\"@id\":\"https:\/\/okdesign.ca\/en\/#\/schema\/logo\/image\/\",\"url\":\"https:\/\/i0.wp.com\/okdesign.ca\/wp-content\/uploads\/2020\/09\/OKDesign-W.png?fit=7001%2C1376&ssl=1\",\"contentUrl\":\"https:\/\/i0.wp.com\/okdesign.ca\/wp-content\/uploads\/2020\/09\/OKDesign-W.png?fit=7001%2C1376&ssl=1\",\"width\":7001,\"height\":1376,\"caption\":\"OK Web Design\"},\"image\":{\"@id\":\"https:\/\/okdesign.ca\/en\/#\/schema\/logo\/image\/\"},\"sameAs\":[\"https:\/\/www.facebook.com\/okdesign.ca\",\"https:\/\/www.instagram.com\/okdesignca\/\"]}]}<\/script>\n<!-- \/ Yoast SEO Premium plugin. -->","yoast_head_json":{"title":"Connect with a Professional Web Designer Today","description":"Get in touch with a web designer in Laval. 4420 Rue Louis-B.-Mayer, Laval, QC H7P 0G1","robots":{"index":"index","follow":"follow","max-snippet":"max-snippet:-1","max-image-preview":"max-image-preview:large","max-video-preview":"max-video-preview:-1"},"canonical":"https:\/\/okdesign.ca\/fr\/contact-us\/","og_locale":"fr_CA","og_type":"article","og_title":"Contact Us","og_description":"Get in touch with a web designer in Laval. 4420 Rue Louis-B.-Mayer, Laval, QC H7P 0G1","og_url":"https:\/\/okdesign.ca\/fr\/contact-us\/","og_site_name":"OK Design","article_publisher":"https:\/\/www.facebook.com\/okdesign.ca","article_modified_time":"2024-10-28T16:37:45+00:00","twitter_card":"summary_large_image","twitter_misc":{"Estimation du temps de lecture":"1 minute"},"schema":{"@context":"https:\/\/schema.org","@graph":[{"@type":"WebPage","@id":"https:\/\/okdesign.ca\/en\/contact-us\/","url":"https:\/\/okdesign.ca\/en\/contact-us\/","name":"Connect with a Professional Web Designer Today","isPartOf":{"@id":"https:\/\/okdesign.ca\/en\/#website"},"datePublished":"2019-10-03T08:54:20+00:00","dateModified":"2024-10-28T16:37:45+00:00","description":"Get in touch with a web designer in Laval. 4420 Rue Louis-B.-Mayer, Laval, QC H7P 0G1","breadcrumb":{"@id":"https:\/\/okdesign.ca\/en\/contact-us\/#breadcrumb"},"inLanguage":"fr-CA","potentialAction":[{"@type":"ReadAction","target":["https:\/\/okdesign.ca\/en\/contact-us\/"]}]},{"@type":"BreadcrumbList","@id":"https:\/\/okdesign.ca\/en\/contact-us\/#breadcrumb","itemListElement":[{"@type":"ListItem","position":1,"name":"Home","item":"https:\/\/okdesign.ca\/"},{"@type":"ListItem","position":2,"name":"Contact Us"}]},{"@type":"WebSite","@id":"https:\/\/okdesign.ca\/en\/#website","url":"https:\/\/okdesign.ca\/en\/","name":"OK Design - Conception Graphiques et Sites Web","description":"Conception graphique et sites Web","publisher":{"@id":"https:\/\/okdesign.ca\/en\/#organization"},"potentialAction":[{"@type":"SearchAction","target":{"@type":"EntryPoint","urlTemplate":"https:\/\/okdesign.ca\/en\/?s={search_term_string}"},"query-input":{"@type":"PropertyValueSpecification","valueRequired":true,"valueName":"search_term_string"}}],"inLanguage":"fr-CA"},{"@type":"Organization","@id":"https:\/\/okdesign.ca\/en\/#organization","name":"OK Web Design","url":"https:\/\/okdesign.ca\/en\/","logo":{"@type":"ImageObject","inLanguage":"fr-CA","@id":"https:\/\/okdesign.ca\/en\/#\/schema\/logo\/image\/","url":"https:\/\/i0.wp.com\/okdesign.ca\/wp-content\/uploads\/2020\/09\/OKDesign-W.png?fit=7001%2C1376&ssl=1","contentUrl":"https:\/\/i0.wp.com\/okdesign.ca\/wp-content\/uploads\/2020\/09\/OKDesign-W.png?fit=7001%2C1376&ssl=1","width":7001,"height":1376,"caption":"OK Web Design"},"image":{"@id":"https:\/\/okdesign.ca\/en\/#\/schema\/logo\/image\/"},"sameAs":["https:\/\/www.facebook.com\/okdesign.ca","https:\/\/www.instagram.com\/okdesignca\/"]}]}},"jetpack_sharing_enabled":true,"_links":{"self":[{"href":"https:\/\/okdesign.ca\/fr\/wp-json\/wp\/v2\/pages\/109","targetHints":{"allow":["GET"]}}],"collection":[{"href":"https:\/\/okdesign.ca\/fr\/wp-json\/wp\/v2\/pages"}],"about":[{"href":"https:\/\/okdesign.ca\/fr\/wp-json\/wp\/v2\/types\/page"}],"author":[{"embeddable":true,"href":"https:\/\/okdesign.ca\/fr\/wp-json\/wp\/v2\/users\/3"}],"replies":[{"embeddable":true,"href":"https:\/\/okdesign.ca\/fr\/wp-json\/wp\/v2\/comments?post=109"}],"version-history":[{"count":3,"href":"https:\/\/okdesign.ca\/fr\/wp-json\/wp\/v2\/pages\/109\/revisions"}],"predecessor-version":[{"id":9123,"href":"https:\/\/okdesign.ca\/fr\/wp-json\/wp\/v2\/pages\/109\/revisions\/9123"}],"wp:attachment":[{"href":"https:\/\/okdesign.ca\/fr\/wp-json\/wp\/v2\/media?parent=109"}],"curies":[{"name":"wp","href":"https:\/\/api.w.org\/{rel}","templated":true}]}}